{"id":929,"date":"2024-09-09T14:28:38","date_gmt":"2024-09-09T14:28:38","guid":{"rendered":"https:\/\/happycouples.at\/legal-notice\/"},"modified":"2026-03-05T18:14:50","modified_gmt":"2026-03-05T18:14:50","slug":"aviso-legal","status":"publish","type":"page","link":"https:\/\/happycouples.at\/es\/aviso-legal\/","title":{"rendered":"Aviso legal"},"content":{"rendered":"<p>[et_pb_section fb_built=\u00bb1&#8243; _builder_version=\u00bb4.27.0&#8243; _module_preset=\u00bbdefault\u00bb background_color=\u00bbRGBA(255,255,255,0)\u00bb global_colors_info=\u00bb{}\u00bb][et_pb_row column_structure=\u00bb3_4,1_4&#8243; _builder_version=\u00bb4.27.0&#8243; _module_preset=\u00bbdefault\u00bb width_tablet=\u00bb90%\u00bb width_phone=\u00bb90%\u00bb width_last_edited=\u00bbon|phone\u00bb custom_margin_tablet=\u00bb40px||||false|false\u00bb custom_margin_phone=\u00bb||||false|false\u00bb custom_margin_last_edited=\u00bbon|desktop\u00bb global_colors_info=\u00bb{}\u00bb][et_pb_column type=\u00bb3_4&#8243; _builder_version=\u00bb4.27.0&#8243; _module_preset=\u00bbdefault\u00bb global_colors_info=\u00bb{}\u00bb][et_pb_text admin_label=\u00bb\u00dcberschrift\u00bb _builder_version=\u00bb4.27.2&#8243; _module_preset=\u00bbdefault\u00bb custom_margin=\u00bb||10px||false|false\u00bb global_colors_info=\u00bb{}\u00bb]<\/p>\n<h1>Aviso legal<\/h1>\n<p>[\/et_pb_text][et_pb_text _builder_version=\u00bb4.27.2&#8243; _module_preset=\u00bbdefault\u00bb global_colors_info=\u00bb{}\u00bb]<\/p>\n<p><strong>Operadora del sitio web:<\/strong>\u00a0Mag. Elisabeth Herrera Asencio<\/p>\n<p><strong>Forma jur\u00eddica:<\/strong>\u00a0Einzelunternehmen<\/p>\n<p><strong>Objeto de la empresa:<\/strong>\u00a0Asesoramiento psicol\u00f3gico<\/p>\n<p><strong>Sede:<\/strong>\u00a0Viena<\/p>\n<p><strong>Direcci\u00f3n comercial geogr\u00e1fica:<\/strong>\u00a01070 Viena, Lerchenfelder G\u00fcrtel 16\/11<\/p>\n<p><strong>Tel\u00e9fono<\/strong>: +43 (0) 680 30 97431<\/p>\n<p><strong>Correo electr\u00f3nico: <\/strong><a href=\"mailto:elisabeth@happycouples.at\">elisabeth@happycouples.at<\/a><\/p>\n<p><strong>Autoridad competente:<br \/><\/strong>La oficina del distrito municipal (autoridad comercial).<\/p>\n<p><strong>C\u00e1mara competente:<\/strong><br \/>C\u00e1mara de Comercio de Viena, asesoramiento personal y cuidado personal de grupos profesionales, asesores sociales y de vida grupal profesional (consultores psicol\u00f3gicos)<\/p>\n<p><strong>Legislaci\u00f3n aplicable:<\/strong> <a href=\"https:\/\/www.ris.bka.gv.at\/\" target=\"_blank\" rel=\"noopener\">https:\/\/www.ris.bka.gv.at<\/a><\/p>\n<p>[\/et_pb_text][\/et_pb_column][et_pb_column type=\u00bb1_4&#8243; _builder_version=\u00bb4.27.0&#8243; _module_preset=\u00bbdefault\u00bb global_colors_info=\u00bb{}\u00bb][\/et_pb_column][\/et_pb_row][et_pb_row column_structure=\u00bb3_4,1_4&#8243; _builder_version=\u00bb4.27.0&#8243; _module_preset=\u00bbdefault\u00bb width_tablet=\u00bb90%\u00bb width_phone=\u00bb90%\u00bb width_last_edited=\u00bbon|phone\u00bb global_colors_info=\u00bb{}\u00bb][et_pb_column type=\u00bb3_4&#8243; _builder_version=\u00bb4.27.0&#8243; _module_preset=\u00bbdefault\u00bb global_colors_info=\u00bb{}\u00bb][et_pb_text admin_label=\u00bb\u00dcberschrift\u00bb _builder_version=\u00bb4.27.2&#8243; _module_preset=\u00bbdefault\u00bb custom_margin=\u00bb||10px||false|false\u00bb global_colors_info=\u00bb{}\u00bb]<\/p>\n<h2>Aviso Legal Adicional<\/h2>\n<p>[\/et_pb_text][et_pb_text _builder_version=\u00bb4.27.2&#8243; _module_preset=\u00bbdefault\u00bb global_colors_info=\u00bb{}\u00bb]<\/p>\n<p><strong>Responsabilidad:<br \/><\/strong>Aunque siempre trato de asegurarme de que la informaci\u00f3n de este sitio web sea correcta y est\u00e9 actualizada, le solicito su comprensi\u00f3n de que no puedo garantizar que est\u00e9 libre de errores y que est\u00e9 completa.<\/p>\n<p><strong>Derechos de autor:<\/strong><br \/>Cualquier uso del contenido de este sitio web est\u00e1 sujeto a la aprobaci\u00f3n expresa por escrito del operador del sitio web o del autor respectivo, que debe obtenerse con anticipaci\u00f3n.<\/p>\n<p><strong>Im\u00e1genes:<\/strong>\u00a0David Schermann,\u00a0<a href=\"http:\/\/www.davidschermann.com\/\" target=\"_blank\" rel=\"noopener\">www.davidschermann.com<\/a>\u00a0<\/p>\n<p><strong>Dise\u00f1o e implementaci\u00f3n web:<\/strong>\u00a0Stefanie Wagner,\u00a0<a href=\"http:\/\/www.stefaniewagner.at\/\" target=\"_blank\" rel=\"noopener\">www.stefaniewagner.at<\/a><\/p>\n<p><strong>Enlaces:<\/strong>\u00a0los enlaces de este sitio web a sitios externos son solo para referencia. El operador de este sitio web no se identifica con el contenido de las p\u00e1ginas externas, ni asume responsabilidad alguna por las mismas.<\/p>\n<p><strong>Cookies:<br \/><\/strong>Tiene la opci\u00f3n de evitar total o parcialmente la colocaci\u00f3n de cookies a trav\u00e9s de la configuraci\u00f3n de su navegador. Tenga en cuenta que esto puede significar que la funcionalidad de este y otros sitios web no se puede garantizar en toda su extensi\u00f3n.<\/p>\n<p><strong>Quejas:<\/strong>\u00a0los consumidores tienen la oportunidad de enviar quejas a la plataforma de resoluci\u00f3n de disputas en l\u00ednea de la UE: <a href=\"http:\/\/ec.europa.eu\/odr\" target=\"_blank\" rel=\"noopener\">http:\/\/ec.europa.eu\/odr<\/a>.<\/p>\n<p>Puede dirigir sus quejas a la direcci\u00f3n de correo electr\u00f3nico que se indica anteriormente.<\/p>\n<p><strong>Contacto:<br \/><\/strong>ELISABETH HERRERA ASENCIO<br \/>+43680 30 97431<br \/><a href=\"mailto:elisabeth@happycouples.at\">elisabeth@happycouples.at<\/a><\/p>\n<p>[\/et_pb_text][\/et_pb_column][et_pb_column type=\u00bb1_4&#8243; _builder_version=\u00bb4.27.0&#8243; _module_preset=\u00bbdefault\u00bb global_colors_info=\u00bb{}\u00bb][\/et_pb_column][\/et_pb_row][\/et_pb_section]<\/p>\n","protected":false},"excerpt":{"rendered":"<p>Aviso legalOperadora del sitio web:\u00a0Mag. Elisabeth Herrera Asencio Forma jur\u00eddica:\u00a0Einzelunternehmen Objeto de la empresa:\u00a0Asesoramiento psicol\u00f3gico Sede:\u00a0Viena Direcci\u00f3n comercial geogr\u00e1fica:\u00a01070 Viena, Lerchenfelder G\u00fcrtel 16\/11 Tel\u00e9fono: +43 (0) 680 30 97431 Correo electr\u00f3nico: elisabeth@happycouples.at Autoridad competente:La oficina del distrito municipal (autoridad comercial). C\u00e1mara competente:C\u00e1mara de Comercio de Viena, asesoramiento personal y cuidado personal de grupos profesionales, asesores sociales y de vida grupal profesional (consultores psicol\u00f3gicos) Legislaci\u00f3n aplicable: https:\/\/www.ris.bka.gv.atAviso Legal AdicionalResponsabilidad:Aunque siempre trato de asegurarme de que la informaci\u00f3n de este sitio web sea correcta y est\u00e9 actualizada, le solicito su comprensi\u00f3n de que no puedo garantizar que est\u00e9 libre de errores y que est\u00e9 completa. Derechos de autor:Cualquier uso del contenido de este sitio web est\u00e1 sujeto a la aprobaci\u00f3n expresa por escrito del operador del sitio web o del autor respectivo, que debe obtenerse con anticipaci\u00f3n. Im\u00e1genes:\u00a0David Schermann,\u00a0www.davidschermann.com\u00a0 Dise\u00f1o e implementaci\u00f3n web:\u00a0Stefanie Wagner,\u00a0www.stefaniewagner.at Enlaces:\u00a0los enlaces de este sitio web a sitios externos son solo para referencia. El operador de este sitio web no se identifica con el contenido de las p\u00e1ginas externas, ni asume responsabilidad alguna por las mismas. Cookies:Tiene la opci\u00f3n de evitar total o parcialmente la colocaci\u00f3n de cookies a trav\u00e9s de la configuraci\u00f3n de su navegador. Tenga en [&hellip;]<\/p>\n","protected":false},"author":2,"featured_media":0,"parent":0,"menu_order":0,"comment_status":"closed","ping_status":"closed","template":"","meta":{"_et_pb_use_builder":"on","_et_pb_old_content":"","_et_gb_content_width":"","footnotes":""},"class_list":["post-929","page","type-page","status-publish","hentry"],"yoast_head":"<!-- This site is optimized with the Yoast SEO plugin v27.1.1 - https:\/\/yoast.com\/product\/yoast-seo-wordpress\/ -->\n<title>Aviso legal \u2764 Happy Couples Intercultural Counselling<\/title>\n<meta name=\"description\" content=\"Toda la informaci\u00f3n legal sobre la propiedad exclusiva de Happy Couples y yo como su persona de contacto se puede encontrar en el aviso legal.\" \/>\n<meta name=\"robots\" content=\"index, follow, max-snippet:-1, max-image-preview:large, max-video-preview:-1\" \/>\n<link rel=\"canonical\" href=\"https:\/\/happycouples.at\/es\/aviso-legal\/\" \/>\n<meta property=\"og:locale\" content=\"es_ES\" \/>\n<meta property=\"og:type\" content=\"article\" \/>\n<meta property=\"og:title\" content=\"Aviso legal \u2764 Happy Couples Intercultural Counselling\" \/>\n<meta property=\"og:description\" content=\"Toda la informaci\u00f3n legal sobre la propiedad exclusiva de Happy Couples y yo como su persona de contacto se puede encontrar en el aviso legal.\" \/>\n<meta property=\"og:url\" content=\"https:\/\/happycouples.at\/es\/aviso-legal\/\" \/>\n<meta property=\"og:site_name\" content=\"Happy Couples\" \/>\n<meta property=\"article:modified_time\" content=\"2026-03-05T18:14:50+00:00\" \/>\n<meta name=\"twitter:card\" content=\"summary_large_image\" \/>\n<meta name=\"twitter:label1\" content=\"Tiempo de lectura\" \/>\n\t<meta name=\"twitter:data1\" content=\"2 minutos\" \/>\n<script type=\"application\/ld+json\" class=\"yoast-schema-graph\">{\"@context\":\"https:\/\/schema.org\",\"@graph\":[{\"@type\":\"WebPage\",\"@id\":\"https:\/\/happycouples.at\/es\/aviso-legal\/\",\"url\":\"https:\/\/happycouples.at\/es\/aviso-legal\/\",\"name\":\"Aviso legal \u2764 Happy Couples Intercultural Counselling\",\"isPartOf\":{\"@id\":\"https:\/\/happycouples.at\/es\/#website\"},\"datePublished\":\"2024-09-09T14:28:38+00:00\",\"dateModified\":\"2026-03-05T18:14:50+00:00\",\"description\":\"Toda la informaci\u00f3n legal sobre la propiedad exclusiva de Happy Couples y yo como su persona de contacto se puede encontrar en el aviso legal.\",\"breadcrumb\":{\"@id\":\"https:\/\/happycouples.at\/es\/aviso-legal\/#breadcrumb\"},\"inLanguage\":\"es\",\"potentialAction\":[{\"@type\":\"ReadAction\",\"target\":[\"https:\/\/happycouples.at\/es\/aviso-legal\/\"]}]},{\"@type\":\"BreadcrumbList\",\"@id\":\"https:\/\/happycouples.at\/es\/aviso-legal\/#breadcrumb\",\"itemListElement\":[{\"@type\":\"ListItem\",\"position\":1,\"name\":\"Startseite\",\"item\":\"https:\/\/happycouples.at\/es\/\"},{\"@type\":\"ListItem\",\"position\":2,\"name\":\"Aviso legal\"}]},{\"@type\":\"WebSite\",\"@id\":\"https:\/\/happycouples.at\/es\/#website\",\"url\":\"https:\/\/happycouples.at\/es\/\",\"name\":\"Happy Couples\",\"description\":\"Interkulturelle Beratung f\u00fcr Einzelpersonen, Paare und Familien\",\"publisher\":{\"@id\":\"https:\/\/happycouples.at\/es\/#organization\"},\"potentialAction\":[{\"@type\":\"SearchAction\",\"target\":{\"@type\":\"EntryPoint\",\"urlTemplate\":\"https:\/\/happycouples.at\/es\/?s={search_term_string}\"},\"query-input\":{\"@type\":\"PropertyValueSpecification\",\"valueRequired\":true,\"valueName\":\"search_term_string\"}}],\"inLanguage\":\"es\"},{\"@type\":\"Organization\",\"@id\":\"https:\/\/happycouples.at\/es\/#organization\",\"name\":\"Happy Couples\",\"url\":\"https:\/\/happycouples.at\/es\/\",\"logo\":{\"@type\":\"ImageObject\",\"inLanguage\":\"es\",\"@id\":\"https:\/\/happycouples.at\/es\/#\/schema\/logo\/image\/\",\"url\":\"https:\/\/happycouples.at\/wp-content\/uploads\/2024\/09\/HappyCouples_Logo_color_RGB.svg\",\"contentUrl\":\"https:\/\/happycouples.at\/wp-content\/uploads\/2024\/09\/HappyCouples_Logo_color_RGB.svg\",\"width\":1,\"height\":1,\"caption\":\"Happy Couples\"},\"image\":{\"@id\":\"https:\/\/happycouples.at\/es\/#\/schema\/logo\/image\/\"}}]}<\/script>\n<!-- \/ Yoast SEO plugin. -->","yoast_head_json":{"title":"Aviso legal \u2764 Happy Couples Intercultural Counselling","description":"Toda la informaci\u00f3n legal sobre la propiedad exclusiva de Happy Couples y yo como su persona de contacto se puede encontrar en el aviso legal.","robots":{"index":"index","follow":"follow","max-snippet":"max-snippet:-1","max-image-preview":"max-image-preview:large","max-video-preview":"max-video-preview:-1"},"canonical":"https:\/\/happycouples.at\/es\/aviso-legal\/","og_locale":"es_ES","og_type":"article","og_title":"Aviso legal \u2764 Happy Couples Intercultural Counselling","og_description":"Toda la informaci\u00f3n legal sobre la propiedad exclusiva de Happy Couples y yo como su persona de contacto se puede encontrar en el aviso legal.","og_url":"https:\/\/happycouples.at\/es\/aviso-legal\/","og_site_name":"Happy Couples","article_modified_time":"2026-03-05T18:14:50+00:00","twitter_card":"summary_large_image","twitter_misc":{"Tiempo de lectura":"2 minutos"},"schema":{"@context":"https:\/\/schema.org","@graph":[{"@type":"WebPage","@id":"https:\/\/happycouples.at\/es\/aviso-legal\/","url":"https:\/\/happycouples.at\/es\/aviso-legal\/","name":"Aviso legal \u2764 Happy Couples Intercultural Counselling","isPartOf":{"@id":"https:\/\/happycouples.at\/es\/#website"},"datePublished":"2024-09-09T14:28:38+00:00","dateModified":"2026-03-05T18:14:50+00:00","description":"Toda la informaci\u00f3n legal sobre la propiedad exclusiva de Happy Couples y yo como su persona de contacto se puede encontrar en el aviso legal.","breadcrumb":{"@id":"https:\/\/happycouples.at\/es\/aviso-legal\/#breadcrumb"},"inLanguage":"es","potentialAction":[{"@type":"ReadAction","target":["https:\/\/happycouples.at\/es\/aviso-legal\/"]}]},{"@type":"BreadcrumbList","@id":"https:\/\/happycouples.at\/es\/aviso-legal\/#breadcrumb","itemListElement":[{"@type":"ListItem","position":1,"name":"Startseite","item":"https:\/\/happycouples.at\/es\/"},{"@type":"ListItem","position":2,"name":"Aviso legal"}]},{"@type":"WebSite","@id":"https:\/\/happycouples.at\/es\/#website","url":"https:\/\/happycouples.at\/es\/","name":"Happy Couples","description":"Interkulturelle Beratung f\u00fcr Einzelpersonen, Paare und Familien","publisher":{"@id":"https:\/\/happycouples.at\/es\/#organization"},"potentialAction":[{"@type":"SearchAction","target":{"@type":"EntryPoint","urlTemplate":"https:\/\/happycouples.at\/es\/?s={search_term_string}"},"query-input":{"@type":"PropertyValueSpecification","valueRequired":true,"valueName":"search_term_string"}}],"inLanguage":"es"},{"@type":"Organization","@id":"https:\/\/happycouples.at\/es\/#organization","name":"Happy Couples","url":"https:\/\/happycouples.at\/es\/","logo":{"@type":"ImageObject","inLanguage":"es","@id":"https:\/\/happycouples.at\/es\/#\/schema\/logo\/image\/","url":"https:\/\/happycouples.at\/wp-content\/uploads\/2024\/09\/HappyCouples_Logo_color_RGB.svg","contentUrl":"https:\/\/happycouples.at\/wp-content\/uploads\/2024\/09\/HappyCouples_Logo_color_RGB.svg","width":1,"height":1,"caption":"Happy Couples"},"image":{"@id":"https:\/\/happycouples.at\/es\/#\/schema\/logo\/image\/"}}]}},"_links":{"self":[{"href":"https:\/\/happycouples.at\/es\/wp-json\/wp\/v2\/pages\/929","targetHints":{"allow":["GET"]}}],"collection":[{"href":"https:\/\/happycouples.at\/es\/wp-json\/wp\/v2\/pages"}],"about":[{"href":"https:\/\/happycouples.at\/es\/wp-json\/wp\/v2\/types\/page"}],"author":[{"embeddable":true,"href":"https:\/\/happycouples.at\/es\/wp-json\/wp\/v2\/users\/2"}],"replies":[{"embeddable":true,"href":"https:\/\/happycouples.at\/es\/wp-json\/wp\/v2\/comments?post=929"}],"version-history":[{"count":4,"href":"https:\/\/happycouples.at\/es\/wp-json\/wp\/v2\/pages\/929\/revisions"}],"predecessor-version":[{"id":5315,"href":"https:\/\/happycouples.at\/es\/wp-json\/wp\/v2\/pages\/929\/revisions\/5315"}],"wp:attachment":[{"href":"https:\/\/happycouples.at\/es\/wp-json\/wp\/v2\/media?parent=929"}],"curies":[{"name":"wp","href":"https:\/\/api.w.org\/{rel}","templated":true}]}}