{"id":3221,"date":"2025-05-31T15:30:56","date_gmt":"2025-05-31T15:30:56","guid":{"rendered":"https:\/\/happycouples.at\/?page_id=3221"},"modified":"2026-03-16T23:16:35","modified_gmt":"2026-03-16T23:16:35","slug":"herramientas-eficaces","status":"publish","type":"page","link":"https:\/\/happycouples.at\/es\/herramientas-eficaces\/","title":{"rendered":"Herramientas eficaces"},"content":{"rendered":"<p>[et_pb_section fb_built=\u00bb1&#8243; admin_label=\u00bbHeader\u00bb _builder_version=\u00bb4.27.0&#8243; _module_preset=\u00bbdefault\u00bb background_color=\u00bb#F0ECEC\u00bb width=\u00bb100%\u00bb max_width=\u00bb100%\u00bb module_alignment=\u00bbcenter\u00bb custom_margin=\u00bb||0px||false|false\u00bb custom_padding=\u00bb||0px||false|false\u00bb global_colors_info=\u00bb{}\u00bb][et_pb_row column_structure=\u00bb1_2,1_2&#8243; make_equal=\u00bbon\u00bb _builder_version=\u00bb4.27.0&#8243; _module_preset=\u00bbdefault\u00bb width=\u00bb100%\u00bb max_width=\u00bb1926px\u00bb custom_margin_tablet=\u00bb70px||||false|false\u00bb custom_margin_phone=\u00bb35px||||false|false\u00bb custom_margin_last_edited=\u00bbon|phone\u00bb custom_css_main_element=\u00bbalign-self: center;\u00bb global_colors_info=\u00bb{}\u00bb][et_pb_column type=\u00bb1_2&#8243; _builder_version=\u00bb4.27.0&#8243; _module_preset=\u00bbdefault\u00bb custom_padding=\u00bb|||5vw|false|false\u00bb custom_padding_tablet=\u00bb|5vw||5vw|false|false\u00bb custom_padding_phone=\u00bb|5vw||5vw|false|false\u00bb custom_padding_last_edited=\u00bbon|desktop\u00bb custom_css_main_element=\u00bbalign-self: center;\u00bb global_colors_info=\u00bb{}\u00bb][et_pb_text admin_label=\u00bb\u00dcberschrift\u00bb _builder_version=\u00bb4.27.6&#8243; _module_preset=\u00bbdefault\u00bb custom_margin=\u00bb||10px||false|false\u00bb custom_padding=\u00bb||0px||false|false\u00bb hover_enabled=\u00bb0&#8243; header_font_size_tablet=\u00bb40px\u00bb header_font_size_phone=\u00bb38px\u00bb header_font_size_last_edited=\u00bbon|phone\u00bb global_colors_info=\u00bb{}\u00bb sticky_enabled=\u00bb0&#8243;]<\/p>\n<h1 class=\"et_pb_module_heading\"><b>Herramientas eficaces para su relaci\u00f3n<\/b><\/h1>\n<p>[\/et_pb_text][et_pb_text _builder_version=\u00bb4.27.4&#8243; _module_preset=\u00bbdefault\u00bb text_font_size=\u00bb20px\u00bb text_line_height=\u00bb1.5em\u00bb text_font_size_tablet=\u00bb20px\u00bb text_font_size_phone=\u00bb18px\u00bb text_font_size_last_edited=\u00bbon|phone\u00bb custom_css_main_element=\u00bbline-height: 1.6em !important;\u00bb global_colors_info=\u00bb{}\u00bb]<\/p>\n<p><b>Sexualidad, trabajo, familia: parejas interculturales puestas a prueba.<\/b> <b>Las herramientas adecuadas para una comunicaci\u00f3n fruct\u00edfera y una relaci\u00f3n apasionante.<\/b><\/p>\n<p>[\/et_pb_text][\/et_pb_column][et_pb_column type=\u00bb1_2&#8243; _builder_version=\u00bb4.27.0&#8243; _module_preset=\u00bbdefault\u00bb custom_css_main_element=\u00bbalign-self: center;\u00bb global_colors_info=\u00bb{}\u00bb][et_pb_image src=\u00bbhttps:\/\/happycouples.at\/wp-content\/uploads\/2024\/10\/Gluehbirne2.svg\u00bb title_text=\u00bbGluehbirne2&#8243; align=\u00bbcenter\u00bb _builder_version=\u00bb4.27.4&#8243; _module_preset=\u00bbdefault\u00bb max_width=\u00bb650px\u00bb module_alignment=\u00bbcenter\u00bb custom_margin=\u00bb||||false|false\u00bb global_colors_info=\u00bb{}\u00bb][\/et_pb_image][\/et_pb_column][\/et_pb_row][\/et_pb_section][et_pb_section fb_built=\u00bb1&#8243; admin_label=\u00bbContent\u00bb _builder_version=\u00bb4.27.4&#8243; _module_preset=\u00bbdefault\u00bb background_color=\u00bb#f9f8f8&#8243; width=\u00bb100%\u00bb max_width=\u00bb100%\u00bb module_alignment=\u00bbleft\u00bb custom_margin=\u00bb||-60px||false|false\u00bb global_colors_info=\u00bb{}\u00bb][et_pb_row _builder_version=\u00bb4.27.4&#8243; _module_preset=\u00bbdefault\u00bb custom_margin=\u00bb-50px||||false|false\u00bb global_colors_info=\u00bb{}\u00bb][et_pb_column type=\u00bb4_4&#8243; _builder_version=\u00bb4.27.4&#8243; _module_preset=\u00bbdefault\u00bb global_colors_info=\u00bb{}\u00bb][et_pb_text _builder_version=\u00bb4.27.4&#8243; _module_preset=\u00bbdefault\u00bb custom_margin=\u00bb|||-11px|false|false\u00bb global_colors_info=\u00bb{}\u00bb]<\/p>\n<p><span style=\"font-size: 14pt;\"><span style=\"font-weight: 400;\">Le esperan muchos <\/span><b>retos<\/b><span style=\"font-weight: 400;\">, pero tambi\u00e9n <\/span><b>descubrimientos incre\u00edbles<\/b><span style=\"font-weight: 400;\">. Un explorador o un aventurero nunca sale al mundo sin las <\/span><b>herramientas adecuadas<\/b><span style=\"font-weight: 400;\">. Yo se las dar\u00e9\u00a0 para obtener una comunicaci\u00f3n satisfactoria y <\/span><b>encarrilar<\/b><span style=\"font-weight: 400;\"> su relaci\u00f3n.<\/span><\/span><\/p>\n<p><span style=\"font-size: 14pt;\"><span style=\"font-weight: 400;\">Mi experiencia le ayudar\u00e1 a <\/span><b>centrarse en su vida amorosa<\/b><span style=\"font-weight: 400;\">, <\/span><b>sus valores compartidos<\/b><span style=\"font-weight: 400;\"> y sus <\/span><b>diferencias culturales<\/b><span style=\"font-weight: 400;\">. Una visi\u00f3n externa aporta <\/span><b>claridad y nuevas perspectivas<\/b><span style=\"font-weight: 400;\">. Juntos exploraremos <\/span><b>los puntos fuertes y d\u00e9biles<\/b><span style=\"font-weight: 400;\">. Le ayudar\u00e9 a descubrir d\u00f3nde puede trabajar <\/span><b>espec\u00edficamente<\/b><span style=\"font-weight: 400;\"> en las <\/span><b>necesidades especiales de<\/b><span style=\"font-weight: 400;\"> su pareja.<\/span><\/span><\/p>\n<p><span style=\"font-size: 14pt;\"><b>Le mostrar\u00e9 las herramientas m\u00e1s eficaces para una relaci\u00f3n y una comunicaci\u00f3n satisfactoria.<\/b><\/span><\/p>\n<p>[\/et_pb_text][\/et_pb_column][\/et_pb_row][\/et_pb_section][et_pb_section fb_built=\u00bb1&#8243; admin_label=\u00bbCTA\u00bb _builder_version=\u00bb4.27.0&#8243; _module_preset=\u00bbdefault\u00bb background_image=\u00bbhttps:\/\/happycouples.at\/wp-content\/uploads\/2024\/09\/BG_CTA.svg\u00bb background_last_edited=\u00bbon|phone\u00bb background_position_tablet=\u00bbbottom_right\u00bb global_colors_info=\u00bb{}\u00bb][et_pb_row _builder_version=\u00bb4.27.0&#8243; _module_preset=\u00bbdefault\u00bb max_width=\u00bb750px\u00bb module_alignment=\u00bbcenter\u00bb global_colors_info=\u00bb{}\u00bb][et_pb_column type=\u00bb4_4&#8243; _builder_version=\u00bb4.27.0&#8243; _module_preset=\u00bbdefault\u00bb global_colors_info=\u00bb{}\u00bb][et_pb_text admin_label=\u00bb\u00dcberschrift\u00bb _builder_version=\u00bb4.27.4&#8243; _module_preset=\u00bbdefault\u00bb text_text_color=\u00bb#F0ECEC\u00bb header_3_text_color=\u00bb#F0ECEC\u00bb header_3_font_size=\u00bb38px\u00bb text_orientation=\u00bbcenter\u00bb custom_margin=\u00bb||10px||false|false\u00bb header_3_font_size_tablet=\u00bb38px\u00bb header_3_font_size_phone=\u00bb36px\u00bb header_3_font_size_last_edited=\u00bbon|phone\u00bb global_colors_info=\u00bb{}\u00bb]<\/p>\n<h3 class=\"p1\"><span lang=\"ES-CL\">\u00a1Elaboraremos de forma conjunta soluciones a sus desaf\u00edos!<\/span><\/h3>\n<p>[\/et_pb_text][et_pb_text _builder_version=\u00bb4.27.4&#8243; _module_preset=\u00bbdefault\u00bb text_text_color=\u00bb#F0ECEC\u00bb text_font_size=\u00bb20px\u00bb text_orientation=\u00bbcenter\u00bb custom_css_main_element=\u00bbline-height: 1.6em !important;\u00bb global_colors_info=\u00bb{}\u00bb]<\/p>\n<p class=\"p1\"><span lang=\"ES-CL\">Encuentre un lugar donde hallar paz y tranquilidad para recuperar la ligereza y alegr\u00eda de vivir.\u00a0<\/span><span lang=\"ES\">\u00a1Adquiera<b>\u00a0<\/b><\/span><span lang=\"ES-CL\">un nuevo enfoque y encuentre claridad en su camino!<\/span><\/p>\n<p>[\/et_pb_text][et_pb_button button_url=\u00bb@ET-DC@eyJkeW5hbWljIjp0cnVlLCJjb250ZW50IjoicG9zdF9saW5rX3VybF9wYWdlIiwic2V0dGluZ3MiOnsicG9zdF9pZCI6IjUwMzcifX0=@\u00bb button_text=\u00bbCONCERTAR UNA CITA GRATUITA\u00bb button_alignment=\u00bbcenter\u00bb _builder_version=\u00bb4.27.4&#8243; _dynamic_attributes=\u00bbbutton_url\u00bb _module_preset=\u00bbdefault\u00bb custom_button=\u00bbon\u00bb button_text_color=\u00bb#FFFFFF\u00bb button_bg_color=\u00bb#F08050&#8243; button_border_color=\u00bb#F08050&#8243; global_colors_info=\u00bb{}\u00bb button_bg_color__hover_enabled=\u00bbon|hover\u00bb button_bg_color__hover=\u00bb#F08050&#8243; button_bg_enable_color__hover=\u00bbon\u00bb button_border_color__hover_enabled=\u00bbon|hover\u00bb button_border_color__hover=\u00bb#F08050&#8243;][\/et_pb_button][\/et_pb_column][\/et_pb_row][\/et_pb_section]<\/p>\n","protected":false},"excerpt":{"rendered":"<p>Herramientas eficaces para su relaci\u00f3nSexualidad, trabajo, familia: parejas interculturales puestas a prueba. Las herramientas adecuadas para una comunicaci\u00f3n fruct\u00edfera y una relaci\u00f3n apasionante.Le esperan muchos retos, pero tambi\u00e9n descubrimientos incre\u00edbles. Un explorador o un aventurero nunca sale al mundo sin las herramientas adecuadas. Yo se las dar\u00e9\u00a0 para obtener una comunicaci\u00f3n satisfactoria y encarrilar su relaci\u00f3n. Mi experiencia le ayudar\u00e1 a centrarse en su vida amorosa, sus valores compartidos y sus diferencias culturales. Una visi\u00f3n externa aporta claridad y nuevas perspectivas. Juntos exploraremos los puntos fuertes y d\u00e9biles. Le ayudar\u00e9 a descubrir d\u00f3nde puede trabajar espec\u00edficamente en las necesidades especiales de su pareja. Le mostrar\u00e9 las herramientas m\u00e1s eficaces para una relaci\u00f3n y una comunicaci\u00f3n satisfactoria.\u00a1Elaboraremos de forma conjunta soluciones a sus desaf\u00edos!Encuentre un lugar donde hallar paz y tranquilidad para recuperar la ligereza y alegr\u00eda de vivir.\u00a0\u00a1Adquiera\u00a0un nuevo enfoque y encuentre claridad en su camino!<\/p>\n","protected":false},"author":2,"featured_media":0,"parent":0,"menu_order":0,"comment_status":"closed","ping_status":"closed","template":"","meta":{"_et_pb_use_builder":"on","_et_pb_old_content":"<p>[et_pb_section fb_built=\"1\" admin_label=\"Header\" _builder_version=\"4.27.0\" _module_preset=\"default\" background_color=\"#F0ECEC\" width=\"100%\" max_width=\"100%\" module_alignment=\"center\" custom_margin=\"||0px||false|false\" custom_padding=\"||0px||false|false\" global_colors_info=\"{}\"][et_pb_row column_structure=\"1_2,1_2\" make_equal=\"on\" _builder_version=\"4.27.0\" _module_preset=\"default\" width=\"100%\" max_width=\"1926px\" custom_margin_tablet=\"70px||||false|false\" custom_margin_phone=\"35px||||false|false\" custom_margin_last_edited=\"on|phone\" custom_css_main_element=\"align-self: center;\" global_colors_info=\"{}\"][et_pb_column type=\"1_2\" _builder_version=\"4.27.0\" _module_preset=\"default\" custom_padding=\"|||5vw|false|false\" custom_padding_tablet=\"|5vw||5vw|false|false\" custom_padding_phone=\"|5vw||5vw|false|false\" custom_padding_last_edited=\"on|desktop\" custom_css_main_element=\"align-self: center;\" global_colors_info=\"{}\"][et_pb_text admin_label=\"\u00dcberschrift\" _builder_version=\"4.27.4\" _module_preset=\"default\" custom_margin=\"||10px||false|false\" custom_padding=\"||0px||false|false\" hover_enabled=\"0\" header_font_size_tablet=\"40px\" header_font_size_phone=\"38px\" header_font_size_last_edited=\"on|phone\" global_colors_info=\"{}\" sticky_enabled=\"0\"]<\/p><h2 class=\"et_pb_module_heading\">Effektive Tools f\u00fcr Ihre Beziehung<\/h2><p>[\/et_pb_text][et_pb_text _builder_version=\"4.27.4\" _module_preset=\"default\" text_font_size=\"20px\" text_line_height=\"1.5em\" text_font_size_tablet=\"20px\" text_font_size_phone=\"18px\" text_font_size_last_edited=\"on|phone\" custom_css_main_element=\"line-height: 1.6em !important;\" global_colors_info=\"{}\"]<\/p><p>Sexualit\u00e4t, Beruf, Familie \u2013 interkulturelle Partnerschaft im Belastungstest. Die richtigen Tools f\u00fcr erfolgreiche Kommunikation und ein spannendes Miteinander.\u00a0<\/p><p>[\/et_pb_text][\/et_pb_column][et_pb_column type=\"1_2\" _builder_version=\"4.27.0\" _module_preset=\"default\" custom_css_main_element=\"align-self: center;\" global_colors_info=\"{}\"][et_pb_image src=\"https:\/\/happycouples.at\/wp-content\/uploads\/2024\/10\/Gluehbirne2.svg\" title_text=\"Gluehbirne2\" align=\"center\" _builder_version=\"4.27.4\" _module_preset=\"default\" max_width=\"650px\" module_alignment=\"right\" custom_margin=\"||||false|false\" global_colors_info=\"{}\"][\/et_pb_image][\/et_pb_column][\/et_pb_row][\/et_pb_section][et_pb_section fb_built=\"1\" admin_label=\"Content\" _builder_version=\"4.27.4\" _module_preset=\"default\" background_color=\"#f9f8f8\" width=\"100%\" max_width=\"100%\" module_alignment=\"left\" custom_margin=\"||-60px||false|false\" global_colors_info=\"{}\"][et_pb_row _builder_version=\"4.27.4\" _module_preset=\"default\" global_colors_info=\"{}\"][et_pb_column type=\"4_4\" _builder_version=\"4.27.4\" _module_preset=\"default\" global_colors_info=\"{}\"][et_pb_text _builder_version=\"4.27.4\" _module_preset=\"default\" custom_margin=\"|||-11px|false|false\" global_colors_info=\"{}\"]<\/p><p><span style=\"font-size: 14pt;\"><span style=\"font-weight: 400;\">Viele <\/span><b>Herausforderungen<\/b><span style=\"font-weight: 400;\">, aber auch <\/span><b>spannende Entdeckungen<\/b><span style=\"font-weight: 400;\"> warten auf Sie. Ein Forscher oder eine Abenteurerin gehen niemals ohne die <\/span><b>passenden Tools<\/b><span style=\"font-weight: 400;\"> in die Welt. Ich gebe Ihnen <\/span><b>die richtigen <\/b><span style=\"font-weight: 400;\">Tools f\u00fcr eine erfolgreiche Kommunikation, um Ihre Beziehung wieder <\/span><b>auf den richtigen Weg<\/b><span style=\"font-weight: 400;\"> zu bringen.<\/span><\/span><\/p><p><span style=\"font-size: 14pt;\"><span style=\"font-weight: 400;\">Meine Expertise wird Ihnen dabei helfen, den <\/span><b>Fokus auf Ihr Liebesleben<\/b><span style=\"font-weight: 400;\">, <\/span><b>Ihre gemeinsamen Werte<\/b><span style=\"font-weight: 400;\"> und Ihre <\/span><b>spannenden kulturellen Unterschiede<\/b><span style=\"font-weight: 400;\"> zu legen. Eine Sicht von Au\u00dfen gibt <\/span><b>Klarheit und neue Perspektiven<\/b><span style=\"font-weight: 400;\">. Wir erkunden gemeinsam <\/span><b>verborgene St\u00e4rken und Schw\u00e4chen<\/b><span style=\"font-weight: 400;\">. Mit mir finden Sie heraus, an welchen Stellen man <\/span><b>gezielt<\/b><span style=\"font-weight: 400;\"> an den <\/span><b>speziellen Bed\u00fcrfnissen<\/b><span style=\"font-weight: 400;\"> Ihrer <\/span><b>interkulturellen Partnerschaft<\/b><span style=\"font-weight: 400;\"> arbeiten kann.<\/span><\/span><\/p><p>\u00a0<span style=\"font-size: 14pt;\"><b>Ich gebe Ihnen die effektivsten Tools f\u00fcr eine erfolgreiche Beziehung und Kommunikation.<\/b><\/span><\/p><p>\u00a0<\/p><p>[\/et_pb_text][\/et_pb_column][\/et_pb_row][\/et_pb_section][et_pb_section fb_built=\"1\" admin_label=\"CTA\" _builder_version=\"4.27.0\" _module_preset=\"default\" background_image=\"https:\/\/happycouples.at\/wp-content\/uploads\/2024\/09\/BG_CTA.svg\" background_last_edited=\"on|phone\" background_position_tablet=\"bottom_right\" global_colors_info=\"{}\"][et_pb_row _builder_version=\"4.27.0\" _module_preset=\"default\" max_width=\"750px\" module_alignment=\"center\" global_colors_info=\"{}\"][et_pb_column type=\"4_4\" _builder_version=\"4.27.0\" _module_preset=\"default\" global_colors_info=\"{}\"][et_pb_text admin_label=\"\u00dcberschrift\" _builder_version=\"4.27.0\" _module_preset=\"default\" text_text_color=\"#F0ECEC\" header_3_text_color=\"#F0ECEC\" header_3_font_size=\"38px\" text_orientation=\"center\" custom_margin=\"||10px||false|false\" header_3_font_size_tablet=\"38px\" header_3_font_size_phone=\"36px\" header_3_font_size_last_edited=\"on|phone\" global_colors_info=\"{}\"]<\/p><h3 class=\"p1\"><span class=\"s1\">Gemeinsam finden wir einen Weg!<\/span><\/h3><p>[\/et_pb_text][et_pb_text _builder_version=\"4.27.0\" _module_preset=\"default\" text_text_color=\"#F0ECEC\" text_font_size=\"20px\" text_orientation=\"center\" custom_css_main_element=\"line-height: 1.6em !important;\" global_colors_info=\"{}\"]<\/p><p class=\"p1\"><span class=\"s1\">Ich unterst\u00fctze Sie dabei, die Dinge in einer entspannten Atmosph\u00e4re auf den Punkt zu bringen! Finden Sie wieder zu mehr Leichtigkeit und Lebenslust!<\/span><\/p><p>[\/et_pb_text][et_pb_button button_url=\"@ET-DC@eyJkeW5hbWljIjp0cnVlLCJjb250ZW50IjoicG9zdF9saW5rX3VybF9wYWdlIiwic2V0dGluZ3MiOnsicG9zdF9pZCI6IjEwNCIsImVuYWJsZV9odG1sIjoib2ZmIn19@\" button_text=\"Termin vereinbaren\" button_alignment=\"center\" _builder_version=\"4.27.0\" _dynamic_attributes=\"button_url\" _module_preset=\"default\" custom_button=\"on\" button_text_color=\"#FFFFFF\" button_bg_color=\"#F08050\" button_border_color=\"#F08050\" global_colors_info=\"{}\" button_bg_color__hover_enabled=\"on|hover\" button_bg_color__hover=\"#F08050\" button_bg_enable_color__hover=\"on\" button_border_color__hover_enabled=\"on|hover\" button_border_color__hover=\"#F08050\"][\/et_pb_button][\/et_pb_column][\/et_pb_row][\/et_pb_section]<\/p>","_et_gb_content_width":"","footnotes":""},"class_list":["post-3221","page","type-page","status-publish","hentry"],"yoast_head":"<!-- This site is optimized with the Yoast SEO plugin v27.1.1 - https:\/\/yoast.com\/product\/yoast-seo-wordpress\/ -->\n<title>Herramientas eficaces \u2764 Happy Couples Intercultural Counselling<\/title>\n<meta name=\"description\" content=\"Descubre herramientas eficaces para una relaci\u00f3n m\u00e1s fuerte y mejora la comunicaci\u00f3n y el v\u00ednculo entre las parejas felices.\" \/>\n<meta name=\"robots\" content=\"index, follow, max-snippet:-1, max-image-preview:large, max-video-preview:-1\" \/>\n<link rel=\"canonical\" href=\"https:\/\/happycouples.at\/es\/herramientas-eficaces\/\" \/>\n<meta property=\"og:locale\" content=\"es_ES\" \/>\n<meta property=\"og:type\" content=\"article\" \/>\n<meta property=\"og:title\" content=\"Herramientas eficaces \u2764 Happy Couples Intercultural Counselling\" \/>\n<meta property=\"og:description\" content=\"Descubre herramientas eficaces para una relaci\u00f3n m\u00e1s fuerte y mejora la comunicaci\u00f3n y el v\u00ednculo entre las parejas felices.\" \/>\n<meta property=\"og:url\" content=\"https:\/\/happycouples.at\/es\/herramientas-eficaces\/\" \/>\n<meta property=\"og:site_name\" content=\"Happy Couples\" \/>\n<meta property=\"article:modified_time\" content=\"2026-03-16T23:16:35+00:00\" \/>\n<meta name=\"twitter:card\" content=\"summary_large_image\" \/>\n<meta name=\"twitter:label1\" content=\"Tiempo de lectura\" \/>\n\t<meta name=\"twitter:data1\" content=\"1 minuto\" \/>\n<script type=\"application\/ld+json\" class=\"yoast-schema-graph\">{\"@context\":\"https:\/\/schema.org\",\"@graph\":[{\"@type\":\"WebPage\",\"@id\":\"https:\/\/happycouples.at\/es\/herramientas-eficaces\/\",\"url\":\"https:\/\/happycouples.at\/es\/herramientas-eficaces\/\",\"name\":\"Herramientas eficaces \u2764 Happy Couples Intercultural Counselling\",\"isPartOf\":{\"@id\":\"https:\/\/happycouples.at\/es\/#website\"},\"datePublished\":\"2025-05-31T15:30:56+00:00\",\"dateModified\":\"2026-03-16T23:16:35+00:00\",\"description\":\"Descubre herramientas eficaces para una relaci\u00f3n m\u00e1s fuerte y mejora la comunicaci\u00f3n y el v\u00ednculo entre las parejas felices.\",\"breadcrumb\":{\"@id\":\"https:\/\/happycouples.at\/es\/herramientas-eficaces\/#breadcrumb\"},\"inLanguage\":\"es\",\"potentialAction\":[{\"@type\":\"ReadAction\",\"target\":[\"https:\/\/happycouples.at\/es\/herramientas-eficaces\/\"]}]},{\"@type\":\"BreadcrumbList\",\"@id\":\"https:\/\/happycouples.at\/es\/herramientas-eficaces\/#breadcrumb\",\"itemListElement\":[{\"@type\":\"ListItem\",\"position\":1,\"name\":\"Startseite\",\"item\":\"https:\/\/happycouples.at\/es\/\"},{\"@type\":\"ListItem\",\"position\":2,\"name\":\"Herramientas eficaces\"}]},{\"@type\":\"WebSite\",\"@id\":\"https:\/\/happycouples.at\/es\/#website\",\"url\":\"https:\/\/happycouples.at\/es\/\",\"name\":\"Happy Couples\",\"description\":\"Interkulturelle Beratung f\u00fcr Einzelpersonen, Paare und Familien\",\"publisher\":{\"@id\":\"https:\/\/happycouples.at\/es\/#organization\"},\"potentialAction\":[{\"@type\":\"SearchAction\",\"target\":{\"@type\":\"EntryPoint\",\"urlTemplate\":\"https:\/\/happycouples.at\/es\/?s={search_term_string}\"},\"query-input\":{\"@type\":\"PropertyValueSpecification\",\"valueRequired\":true,\"valueName\":\"search_term_string\"}}],\"inLanguage\":\"es\"},{\"@type\":\"Organization\",\"@id\":\"https:\/\/happycouples.at\/es\/#organization\",\"name\":\"Happy Couples\",\"url\":\"https:\/\/happycouples.at\/es\/\",\"logo\":{\"@type\":\"ImageObject\",\"inLanguage\":\"es\",\"@id\":\"https:\/\/happycouples.at\/es\/#\/schema\/logo\/image\/\",\"url\":\"https:\/\/happycouples.at\/wp-content\/uploads\/2024\/09\/HappyCouples_Logo_color_RGB.svg\",\"contentUrl\":\"https:\/\/happycouples.at\/wp-content\/uploads\/2024\/09\/HappyCouples_Logo_color_RGB.svg\",\"width\":1,\"height\":1,\"caption\":\"Happy Couples\"},\"image\":{\"@id\":\"https:\/\/happycouples.at\/es\/#\/schema\/logo\/image\/\"}}]}<\/script>\n<!-- \/ Yoast SEO plugin. -->","yoast_head_json":{"title":"Herramientas eficaces \u2764 Happy Couples Intercultural Counselling","description":"Descubre herramientas eficaces para una relaci\u00f3n m\u00e1s fuerte y mejora la comunicaci\u00f3n y el v\u00ednculo entre las parejas felices.","robots":{"index":"index","follow":"follow","max-snippet":"max-snippet:-1","max-image-preview":"max-image-preview:large","max-video-preview":"max-video-preview:-1"},"canonical":"https:\/\/happycouples.at\/es\/herramientas-eficaces\/","og_locale":"es_ES","og_type":"article","og_title":"Herramientas eficaces \u2764 Happy Couples Intercultural Counselling","og_description":"Descubre herramientas eficaces para una relaci\u00f3n m\u00e1s fuerte y mejora la comunicaci\u00f3n y el v\u00ednculo entre las parejas felices.","og_url":"https:\/\/happycouples.at\/es\/herramientas-eficaces\/","og_site_name":"Happy Couples","article_modified_time":"2026-03-16T23:16:35+00:00","twitter_card":"summary_large_image","twitter_misc":{"Tiempo de lectura":"1 minuto"},"schema":{"@context":"https:\/\/schema.org","@graph":[{"@type":"WebPage","@id":"https:\/\/happycouples.at\/es\/herramientas-eficaces\/","url":"https:\/\/happycouples.at\/es\/herramientas-eficaces\/","name":"Herramientas eficaces \u2764 Happy Couples Intercultural Counselling","isPartOf":{"@id":"https:\/\/happycouples.at\/es\/#website"},"datePublished":"2025-05-31T15:30:56+00:00","dateModified":"2026-03-16T23:16:35+00:00","description":"Descubre herramientas eficaces para una relaci\u00f3n m\u00e1s fuerte y mejora la comunicaci\u00f3n y el v\u00ednculo entre las parejas felices.","breadcrumb":{"@id":"https:\/\/happycouples.at\/es\/herramientas-eficaces\/#breadcrumb"},"inLanguage":"es","potentialAction":[{"@type":"ReadAction","target":["https:\/\/happycouples.at\/es\/herramientas-eficaces\/"]}]},{"@type":"BreadcrumbList","@id":"https:\/\/happycouples.at\/es\/herramientas-eficaces\/#breadcrumb","itemListElement":[{"@type":"ListItem","position":1,"name":"Startseite","item":"https:\/\/happycouples.at\/es\/"},{"@type":"ListItem","position":2,"name":"Herramientas eficaces"}]},{"@type":"WebSite","@id":"https:\/\/happycouples.at\/es\/#website","url":"https:\/\/happycouples.at\/es\/","name":"Happy Couples","description":"Interkulturelle Beratung f\u00fcr Einzelpersonen, Paare und Familien","publisher":{"@id":"https:\/\/happycouples.at\/es\/#organization"},"potentialAction":[{"@type":"SearchAction","target":{"@type":"EntryPoint","urlTemplate":"https:\/\/happycouples.at\/es\/?s={search_term_string}"},"query-input":{"@type":"PropertyValueSpecification","valueRequired":true,"valueName":"search_term_string"}}],"inLanguage":"es"},{"@type":"Organization","@id":"https:\/\/happycouples.at\/es\/#organization","name":"Happy Couples","url":"https:\/\/happycouples.at\/es\/","logo":{"@type":"ImageObject","inLanguage":"es","@id":"https:\/\/happycouples.at\/es\/#\/schema\/logo\/image\/","url":"https:\/\/happycouples.at\/wp-content\/uploads\/2024\/09\/HappyCouples_Logo_color_RGB.svg","contentUrl":"https:\/\/happycouples.at\/wp-content\/uploads\/2024\/09\/HappyCouples_Logo_color_RGB.svg","width":1,"height":1,"caption":"Happy Couples"},"image":{"@id":"https:\/\/happycouples.at\/es\/#\/schema\/logo\/image\/"}}]}},"_links":{"self":[{"href":"https:\/\/happycouples.at\/es\/wp-json\/wp\/v2\/pages\/3221","targetHints":{"allow":["GET"]}}],"collection":[{"href":"https:\/\/happycouples.at\/es\/wp-json\/wp\/v2\/pages"}],"about":[{"href":"https:\/\/happycouples.at\/es\/wp-json\/wp\/v2\/types\/page"}],"author":[{"embeddable":true,"href":"https:\/\/happycouples.at\/es\/wp-json\/wp\/v2\/users\/2"}],"replies":[{"embeddable":true,"href":"https:\/\/happycouples.at\/es\/wp-json\/wp\/v2\/comments?post=3221"}],"version-history":[{"count":10,"href":"https:\/\/happycouples.at\/es\/wp-json\/wp\/v2\/pages\/3221\/revisions"}],"predecessor-version":[{"id":5627,"href":"https:\/\/happycouples.at\/es\/wp-json\/wp\/v2\/pages\/3221\/revisions\/5627"}],"wp:attachment":[{"href":"https:\/\/happycouples.at\/es\/wp-json\/wp\/v2\/media?parent=3221"}],"curies":[{"name":"wp","href":"https:\/\/api.w.org\/{rel}","templated":true}]}}