{"id":1278,"date":"2024-09-09T14:07:49","date_gmt":"2024-09-09T14:07:49","guid":{"rendered":"https:\/\/happycouples.at\/ueber-mich\/"},"modified":"2026-03-06T01:18:13","modified_gmt":"2026-03-06T01:18:13","slug":"sobre-mi","status":"publish","type":"page","link":"https:\/\/happycouples.at\/es\/sobre-mi\/","title":{"rendered":"Sobre m\u00ed"},"content":{"rendered":"<p>[et_pb_section fb_built=\u00bb1&#8243; admin_label=\u00bbHeader\u00bb _builder_version=\u00bb4.27.0&#8243; _module_preset=\u00bbdefault\u00bb background_color=\u00bb#F0ECEC\u00bb width=\u00bb100%\u00bb max_width=\u00bb100%\u00bb module_alignment=\u00bbcenter\u00bb custom_margin=\u00bb||0px||false|false\u00bb custom_padding=\u00bb||0px||false|false\u00bb global_colors_info=\u00bb{}\u00bb][et_pb_row column_structure=\u00bb1_2,1_2&#8243; make_equal=\u00bbon\u00bb _builder_version=\u00bb4.27.0&#8243; _module_preset=\u00bbdefault\u00bb width=\u00bb100%\u00bb max_width=\u00bb1926px\u00bb custom_margin_tablet=\u00bb70px||||false|false\u00bb custom_margin_phone=\u00bb35px||||false|false\u00bb custom_margin_last_edited=\u00bbon|phone\u00bb custom_css_main_element=\u00bbalign-self: center;\u00bb global_colors_info=\u00bb{}\u00bb][et_pb_column type=\u00bb1_2&#8243; _builder_version=\u00bb4.27.0&#8243; _module_preset=\u00bbdefault\u00bb custom_padding=\u00bb|||5vw|false|false\u00bb custom_padding_tablet=\u00bb|5vw||5vw|false|false\u00bb custom_padding_phone=\u00bb|5vw||5vw|false|false\u00bb custom_padding_last_edited=\u00bbon|phone\u00bb custom_css_main_element=\u00bbalign-self: center;\u00bb global_colors_info=\u00bb{}\u00bb][et_pb_text admin_label=\u00bb\u00dcberschrift\u00bb _builder_version=\u00bb4.27.0&#8243; _module_preset=\u00bbdefault\u00bb custom_margin=\u00bb||10px||false|false\u00bb custom_padding=\u00bb||0px||false|false\u00bb header_font_size_tablet=\u00bb40px\u00bb header_font_size_phone=\u00bb38px\u00bb header_font_size_last_edited=\u00bbon|phone\u00bb global_colors_info=\u00bb{}\u00bb]<\/p>\n<h1>Elisabeth Herrera Asencio<\/h1>\n<p>[\/et_pb_text][et_pb_text _builder_version=\u00bb4.27.4&#8243; _module_preset=\u00bbdefault\u00bb text_font_size=\u00bb20px\u00bb text_line_height=\u00bb1.5em\u00bb text_font_size_tablet=\u00bb20px\u00bb text_font_size_phone=\u00bb18px\u00bb text_font_size_last_edited=\u00bbon|tablet\u00bb custom_css_main_element=\u00bbline-height: 1.6em !important;\u00bb global_colors_info=\u00bb{}\u00bb]<\/p>\n<p><b>Seg\u00fan mi experiencia, las relaciones interculturales tienen mayores obst\u00e1culos que superar que otras parejas.<\/b><\/p>\n<p>[\/et_pb_text][\/et_pb_column][et_pb_column type=\u00bb1_2&#8243; _builder_version=\u00bb4.27.0&#8243; _module_preset=\u00bbdefault\u00bb custom_css_main_element=\u00bbalign-self: center;\u00bb global_colors_info=\u00bb{}\u00bb][et_pb_image src=\u00bbhttps:\/\/happycouples.at\/wp-content\/uploads\/2024\/09\/Schmetterling.svg\u00bb title_text=\u00bbSchmetterling\u00bb align=\u00bbright\u00bb _builder_version=\u00bb4.27.0&#8243; _module_preset=\u00bbdefault\u00bb max_width=\u00bb600px\u00bb module_alignment=\u00bbright\u00bb custom_margin=\u00bb||||false|false\u00bb custom_padding_tablet=\u00bb|||8vw|false|false\u00bb custom_padding_phone=\u00bb|||8vw|false|false\u00bb custom_padding_last_edited=\u00bbon|tablet\u00bb global_colors_info=\u00bb{}\u00bb][\/et_pb_image][\/et_pb_column][\/et_pb_row][\/et_pb_section][et_pb_section fb_built=\u00bb1&#8243; admin_label=\u00bbContent\u00bb _builder_version=\u00bb4.27.0&#8243; _module_preset=\u00bbdefault\u00bb background_color=\u00bbRGBA(255,255,255,0)\u00bb width=\u00bb100%\u00bb max_width=\u00bb100%\u00bb module_alignment=\u00bbcenter\u00bb global_colors_info=\u00bb{}\u00bb][et_pb_row column_structure=\u00bb3_5,2_5&#8243; make_equal=\u00bbon\u00bb _builder_version=\u00bb4.27.0&#8243; _module_preset=\u00bbdefault\u00bb width=\u00bb100%\u00bb max_width=\u00bb1926px\u00bb module_alignment=\u00bbcenter\u00bb custom_padding=\u00bb|5vw||5vw|false|true\u00bb global_colors_info=\u00bb{}\u00bb][et_pb_column type=\u00bb3_5&#8243; _builder_version=\u00bb4.27.0&#8243; _module_preset=\u00bbdefault\u00bb custom_padding_phone=\u00bb|5vw||5vw|false|false\u00bb custom_padding_last_edited=\u00bboff|desktop\u00bb global_colors_info=\u00bb{}\u00bb][et_pb_text admin_label=\u00bb\u00dcberschrift\u00bb _builder_version=\u00bb4.27.4&#8243; _module_preset=\u00bbdefault\u00bb custom_margin=\u00bb||10px||false|false\u00bb custom_padding=\u00bb||0px||false|false\u00bb global_colors_info=\u00bb{}\u00bb]<\/p>\n<h2><b>Lo que me motiva<\/b><\/h2>\n<p>[\/et_pb_text][et_pb_text _builder_version=\u00bb4.27.4&#8243; _module_preset=\u00bbdefault\u00bb custom_margin=\u00bb||20px||false|false\u00bb custom_padding=\u00bb||0px|||\u00bb global_colors_info=\u00bb{}\u00bb]<\/p>\n<p><span style=\"font-weight: 400;\">Me apasiona la diversidad de las personas y la alegr\u00eda de crecer a trav\u00e9s de nuevas perspectivas. Con mucha <\/span><b>experiencia y sensibilidad<\/b><span style=\"font-weight: 400;\">, le acompa\u00f1o y apoyo en los procesos de cambio. Descubra c\u00f3mo puede gestionar su relaci\u00f3n intercultural sin perderse a si mismo.<\/span><\/p>\n<p>[\/et_pb_text][et_pb_button button_url=\u00bb@ET-DC@eyJkeW5hbWljIjp0cnVlLCJjb250ZW50IjoicG9zdF9saW5rX3VybF9wYWdlIiwic2V0dGluZ3MiOnsicG9zdF9pZCI6IjUwMzcifX0=@\u00bb button_text=\u00bbConcertar una cita gratuita\u00bb _builder_version=\u00bb4.27.4&#8243; _dynamic_attributes=\u00bbbutton_url\u00bb _module_preset=\u00bbdefault\u00bb global_colors_info=\u00bb{}\u00bb][\/et_pb_button][et_pb_text admin_label=\u00bb\u00dcberschrift\u00bb _builder_version=\u00bb4.27.4&#8243; _module_preset=\u00bbdefault\u00bb custom_margin=\u00bb||10px||false|false\u00bb custom_margin_tablet=\u00bb50px||||false|false\u00bb custom_margin_phone=\u00bb||10px||false|false\u00bb custom_margin_last_edited=\u00bbon|desktop\u00bb custom_padding=\u00bb||0px||false|false\u00bb global_colors_info=\u00bb{}\u00bb]<\/p>\n<h3><b>La vida en una familia intercultural<\/b><\/h3>\n<p>[\/et_pb_text][et_pb_text _builder_version=\u00bb4.27.4&#8243; _module_preset=\u00bbdefault\u00bb custom_margin=\u00bb||20px||false|false\u00bb global_colors_info=\u00bb{}\u00bb]<\/p>\n<p><span style=\"font-weight: 400;\">Nacida en 1986 y criada en la regi\u00f3n de Waldviertel, en la Baja Austria, me sent\u00ed atra\u00edda por conocer el mundo desde una edad muy temprana. Hablo con fluidez alem\u00e1n, ingl\u00e9s y espa\u00f1ol. Desde entonces y hasta el d\u00eda de hoy, me acompa\u00f1a el deseo de sumergirme en otras culturas.\u00a0<\/span><\/p>\n<p><span style=\"font-weight: 400;\">Yo misma he <\/span><b>mantenido una relaci\u00f3n intercultural durante m\u00e1s de 15 a\u00f1os <\/b><span style=\"font-weight: 400;\">y he experimentado lo que es empezar de cero en un pa\u00eds extranjero. S\u00e9 lo que significa superar obst\u00e1culos burocr\u00e1ticos, tener que conciliar valores diferentes y soportar la presi\u00f3n del exterior.<\/span><\/p>\n<p><b>Como madre de dos ni\u00f1as <\/b><span style=\"font-weight: 400;\">(2012 y 2016), conozco los altibajos de la crianza. A menudo me he enfrentado a retos que me han llevado al l\u00edmite y m\u00e1s all\u00e1. Estas experiencias y mis conocimientos forman la base sobre la que construyo mi consulta de forma emp\u00e1tica y apreciativa.<\/span><\/p>\n<p>[\/et_pb_text][et_pb_text admin_label=\u00bb\u00dcberschrift\u00bb _builder_version=\u00bb4.27.4&#8243; _module_preset=\u00bbdefault\u00bb custom_margin=\u00bb40px||10px||false|false\u00bb custom_margin_tablet=\u00bb50px||||false|false\u00bb custom_margin_phone=\u00bb||10px||false|false\u00bb custom_margin_last_edited=\u00bbon|phone\u00bb custom_padding=\u00bb||0px||false|false\u00bb global_colors_info=\u00bb{}\u00bb]<\/p>\n<h4><b>Orientadora con formaci\u00f3n m\u00faltiple<\/b><\/h4>\n<p>[\/et_pb_text][et_pb_text _builder_version=\u00bb4.27.4&#8243; _module_preset=\u00bbdefault\u00bb custom_margin=\u00bb||20px||false|false\u00bb global_colors_info=\u00bb{}\u00bb]<\/p>\n<p><span style=\"font-weight: 400;\">Tengo una gran experiencia en el coaching de parejas y en el \u00e1mbito de la educaci\u00f3n. Con formaciones adicionales me he especializado en un m\u00e9todo llamado \u201cdifferentiation-based approach\u201d. Adem\u00e1s tengo muchos a\u00f1os de experiencia a nivel profesional y personal en el \u00e1mbito intercultural. Soy su primer punto de contacto para el coaching sist\u00e9mico de parejas en un entorno intercultural. Aqu\u00ed es donde he desarrollado mi profesi\u00f3n y tambi\u00e9n mi pasi\u00f3n por apoyar y entender situaciones complejas.\u00a0<\/span><\/p>\n<p>&nbsp;<\/p>\n<p>[\/et_pb_text][\/et_pb_column][et_pb_column type=\u00bb2_5&#8243; _builder_version=\u00bb4.27.0&#8243; _module_preset=\u00bbdefault\u00bb global_colors_info=\u00bb{}\u00bb][et_pb_image src=\u00bbhttps:\/\/happycouples.at\/wp-content\/uploads\/2025\/10\/Elisabeth-Herrera-Asencio_0N6A7310_S.jpg\u00bb alt=\u00bbSobre m\u00ed\u00bb title_text=\u00bbElisabeth Herrera Asencio_0N6A7310_S\u00bb _builder_version=\u00bb4.27.4&#8243; _module_preset=\u00bbdefault\u00bb max_width=\u00bb600px\u00bb custom_margin=\u00bb||||false|false\u00bb global_colors_info=\u00bb{}\u00bb][\/et_pb_image][\/et_pb_column][\/et_pb_row][\/et_pb_section][et_pb_section fb_built=\u00bb1&#8243; admin_label=\u00bbCTA\u00bb _builder_version=\u00bb4.27.0&#8243; _module_preset=\u00bbdefault\u00bb background_image=\u00bbhttps:\/\/happycouples.at\/wp-content\/uploads\/2024\/09\/BG_CTA.svg\u00bb background_last_edited=\u00bbon|phone\u00bb background_position_tablet=\u00bbbottom_right\u00bb global_colors_info=\u00bb{}\u00bb][et_pb_row _builder_version=\u00bb4.27.0&#8243; _module_preset=\u00bbdefault\u00bb max_width=\u00bb750px\u00bb module_alignment=\u00bbcenter\u00bb global_colors_info=\u00bb{}\u00bb][et_pb_column type=\u00bb4_4&#8243; _builder_version=\u00bb4.27.0&#8243; _module_preset=\u00bbdefault\u00bb global_colors_info=\u00bb{}\u00bb][et_pb_text admin_label=\u00bb\u00dcberschrift\u00bb _builder_version=\u00bb4.27.2&#8243; _module_preset=\u00bbdefault\u00bb text_text_color=\u00bb#F0ECEC\u00bb header_3_text_color=\u00bb#F0ECEC\u00bb header_3_font_size=\u00bb38px\u00bb text_orientation=\u00bbcenter\u00bb custom_margin=\u00bb||10px||false|false\u00bb header_3_font_size_tablet=\u00bb38px\u00bb header_3_font_size_phone=\u00bb36px\u00bb header_3_font_size_last_edited=\u00bbon|phone\u00bb global_colors_info=\u00bb{}\u00bb]<\/p>\n<h3 class=\"p1\">\u00bfLe interesa que trabajemos juntos\/as?<\/h3>\n<p>[\/et_pb_text][et_pb_text _builder_version=\u00bb4.27.2&#8243; _module_preset=\u00bbdefault\u00bb text_text_color=\u00bb#F0ECEC\u00bb text_font_size=\u00bb20px\u00bb text_orientation=\u00bbcenter\u00bb custom_css_main_element=\u00bbline-height: 1.6em !important;\u00bb global_colors_info=\u00bb{}\u00bb]<\/p>\n<p class=\"p1\">\u00a1Obtenga m\u00e1s informaci\u00f3n sobre mis servicios!<\/p>\n<p>[\/et_pb_text][et_pb_button button_url=\u00bb@ET-DC@eyJkeW5hbWljIjp0cnVlLCJjb250ZW50IjoicG9zdF9saW5rX3VybF9wYWdlIiwic2V0dGluZ3MiOnsicG9zdF9pZCI6Ijk4In19@\u00bb button_text=\u00bbEnlace a las ofertas de coaching\u00bb button_alignment=\u00bbcenter\u00bb _builder_version=\u00bb4.27.2&#8243; _dynamic_attributes=\u00bbbutton_url\u00bb _module_preset=\u00bbdefault\u00bb custom_button=\u00bbon\u00bb button_text_color=\u00bb#FFFFFF\u00bb button_bg_color=\u00bb#F08050&#8243; button_border_color=\u00bb#F08050&#8243; global_colors_info=\u00bb{}\u00bb button_bg_color__hover_enabled=\u00bbon|hover\u00bb button_bg_color__hover=\u00bb#F08050&#8243; button_bg_enable_color__hover=\u00bbon\u00bb button_border_color__hover_enabled=\u00bbon|hover\u00bb button_border_color__hover=\u00bb#F08050&#8243;][\/et_pb_button][\/et_pb_column][\/et_pb_row][\/et_pb_section]<\/p>\n","protected":false},"excerpt":{"rendered":"<p>Elisabeth Herrera AsencioSeg\u00fan mi experiencia, las relaciones interculturales tienen mayores obst\u00e1culos que superar que otras parejas.Lo que me motivaMe apasiona la diversidad de las personas y la alegr\u00eda de crecer a trav\u00e9s de nuevas perspectivas. Con mucha experiencia y sensibilidad, le acompa\u00f1o y apoyo en los procesos de cambio. Descubra c\u00f3mo puede gestionar su relaci\u00f3n intercultural sin perderse a si mismo.La vida en una familia interculturalNacida en 1986 y criada en la regi\u00f3n de Waldviertel, en la Baja Austria, me sent\u00ed atra\u00edda por conocer el mundo desde una edad muy temprana. Hablo con fluidez alem\u00e1n, ingl\u00e9s y espa\u00f1ol. Desde entonces y hasta el d\u00eda de hoy, me acompa\u00f1a el deseo de sumergirme en otras culturas.\u00a0 Yo misma he mantenido una relaci\u00f3n intercultural durante m\u00e1s de 15 a\u00f1os y he experimentado lo que es empezar de cero en un pa\u00eds extranjero. S\u00e9 lo que significa superar obst\u00e1culos burocr\u00e1ticos, tener que conciliar valores diferentes y soportar la presi\u00f3n del exterior. Como madre de dos ni\u00f1as (2012 y 2016), conozco los altibajos de la crianza. A menudo me he enfrentado a retos que me han llevado al l\u00edmite y m\u00e1s all\u00e1. Estas experiencias y mis conocimientos forman la base sobre la que construyo [&hellip;]<\/p>\n","protected":false},"author":2,"featured_media":0,"parent":0,"menu_order":0,"comment_status":"closed","ping_status":"closed","template":"","meta":{"_et_pb_use_builder":"on","_et_pb_old_content":"","_et_gb_content_width":"","footnotes":""},"class_list":["post-1278","page","type-page","status-publish","hentry"],"yoast_head":"<!-- This site is optimized with the Yoast SEO plugin v27.1.1 - https:\/\/yoast.com\/product\/yoast-seo-wordpress\/ -->\n<title>Sobre m\u00ed \u2764 Happy Couples Intercultural Counselling<\/title>\n<meta name=\"description\" content=\"Sobre m\u00ed: Elisabeth Herrera Asencio te apoya con todas tus preguntas sobre relaciones interculturales. \u00a1Reserva una cita gratuita en l\u00ednea ahora!\" \/>\n<meta name=\"robots\" content=\"index, follow, max-snippet:-1, max-image-preview:large, max-video-preview:-1\" \/>\n<link rel=\"canonical\" href=\"https:\/\/happycouples.at\/es\/sobre-mi\/\" \/>\n<meta property=\"og:locale\" content=\"es_ES\" \/>\n<meta property=\"og:type\" content=\"article\" \/>\n<meta property=\"og:title\" content=\"Sobre m\u00ed \u2764 Happy Couples Intercultural Counselling\" \/>\n<meta property=\"og:description\" content=\"Sobre m\u00ed: Elisabeth Herrera Asencio te apoya con todas tus preguntas sobre relaciones interculturales. \u00a1Reserva una cita gratuita en l\u00ednea ahora!\" \/>\n<meta property=\"og:url\" content=\"https:\/\/happycouples.at\/es\/sobre-mi\/\" \/>\n<meta property=\"og:site_name\" content=\"Happy Couples\" \/>\n<meta property=\"article:modified_time\" content=\"2026-03-06T01:18:13+00:00\" \/>\n<meta name=\"twitter:card\" content=\"summary_large_image\" \/>\n<meta name=\"twitter:label1\" content=\"Tiempo de lectura\" \/>\n\t<meta name=\"twitter:data1\" content=\"2 minutos\" \/>\n<script type=\"application\/ld+json\" class=\"yoast-schema-graph\">{\"@context\":\"https:\/\/schema.org\",\"@graph\":[{\"@type\":\"WebPage\",\"@id\":\"https:\/\/happycouples.at\/es\/sobre-mi\/\",\"url\":\"https:\/\/happycouples.at\/es\/sobre-mi\/\",\"name\":\"Sobre m\u00ed \u2764 Happy Couples Intercultural Counselling\",\"isPartOf\":{\"@id\":\"https:\/\/happycouples.at\/es\/#website\"},\"datePublished\":\"2024-09-09T14:07:49+00:00\",\"dateModified\":\"2026-03-06T01:18:13+00:00\",\"description\":\"Sobre m\u00ed: Elisabeth Herrera Asencio te apoya con todas tus preguntas sobre relaciones interculturales. \u00a1Reserva una cita gratuita en l\u00ednea ahora!\",\"breadcrumb\":{\"@id\":\"https:\/\/happycouples.at\/es\/sobre-mi\/#breadcrumb\"},\"inLanguage\":\"es\",\"potentialAction\":[{\"@type\":\"ReadAction\",\"target\":[\"https:\/\/happycouples.at\/es\/sobre-mi\/\"]}]},{\"@type\":\"BreadcrumbList\",\"@id\":\"https:\/\/happycouples.at\/es\/sobre-mi\/#breadcrumb\",\"itemListElement\":[{\"@type\":\"ListItem\",\"position\":1,\"name\":\"Startseite\",\"item\":\"https:\/\/happycouples.at\/es\/\"},{\"@type\":\"ListItem\",\"position\":2,\"name\":\"Sobre m\u00ed\"}]},{\"@type\":\"WebSite\",\"@id\":\"https:\/\/happycouples.at\/es\/#website\",\"url\":\"https:\/\/happycouples.at\/es\/\",\"name\":\"Happy Couples\",\"description\":\"Interkulturelle Beratung f\u00fcr Einzelpersonen, Paare und Familien\",\"publisher\":{\"@id\":\"https:\/\/happycouples.at\/es\/#organization\"},\"potentialAction\":[{\"@type\":\"SearchAction\",\"target\":{\"@type\":\"EntryPoint\",\"urlTemplate\":\"https:\/\/happycouples.at\/es\/?s={search_term_string}\"},\"query-input\":{\"@type\":\"PropertyValueSpecification\",\"valueRequired\":true,\"valueName\":\"search_term_string\"}}],\"inLanguage\":\"es\"},{\"@type\":\"Organization\",\"@id\":\"https:\/\/happycouples.at\/es\/#organization\",\"name\":\"Happy Couples\",\"url\":\"https:\/\/happycouples.at\/es\/\",\"logo\":{\"@type\":\"ImageObject\",\"inLanguage\":\"es\",\"@id\":\"https:\/\/happycouples.at\/es\/#\/schema\/logo\/image\/\",\"url\":\"https:\/\/happycouples.at\/wp-content\/uploads\/2024\/09\/HappyCouples_Logo_color_RGB.svg\",\"contentUrl\":\"https:\/\/happycouples.at\/wp-content\/uploads\/2024\/09\/HappyCouples_Logo_color_RGB.svg\",\"width\":1,\"height\":1,\"caption\":\"Happy Couples\"},\"image\":{\"@id\":\"https:\/\/happycouples.at\/es\/#\/schema\/logo\/image\/\"}}]}<\/script>\n<!-- \/ Yoast SEO plugin. -->","yoast_head_json":{"title":"Sobre m\u00ed \u2764 Happy Couples Intercultural Counselling","description":"Sobre m\u00ed: Elisabeth Herrera Asencio te apoya con todas tus preguntas sobre relaciones interculturales. \u00a1Reserva una cita gratuita en l\u00ednea ahora!","robots":{"index":"index","follow":"follow","max-snippet":"max-snippet:-1","max-image-preview":"max-image-preview:large","max-video-preview":"max-video-preview:-1"},"canonical":"https:\/\/happycouples.at\/es\/sobre-mi\/","og_locale":"es_ES","og_type":"article","og_title":"Sobre m\u00ed \u2764 Happy Couples Intercultural Counselling","og_description":"Sobre m\u00ed: Elisabeth Herrera Asencio te apoya con todas tus preguntas sobre relaciones interculturales. \u00a1Reserva una cita gratuita en l\u00ednea ahora!","og_url":"https:\/\/happycouples.at\/es\/sobre-mi\/","og_site_name":"Happy Couples","article_modified_time":"2026-03-06T01:18:13+00:00","twitter_card":"summary_large_image","twitter_misc":{"Tiempo de lectura":"2 minutos"},"schema":{"@context":"https:\/\/schema.org","@graph":[{"@type":"WebPage","@id":"https:\/\/happycouples.at\/es\/sobre-mi\/","url":"https:\/\/happycouples.at\/es\/sobre-mi\/","name":"Sobre m\u00ed \u2764 Happy Couples Intercultural Counselling","isPartOf":{"@id":"https:\/\/happycouples.at\/es\/#website"},"datePublished":"2024-09-09T14:07:49+00:00","dateModified":"2026-03-06T01:18:13+00:00","description":"Sobre m\u00ed: Elisabeth Herrera Asencio te apoya con todas tus preguntas sobre relaciones interculturales. \u00a1Reserva una cita gratuita en l\u00ednea ahora!","breadcrumb":{"@id":"https:\/\/happycouples.at\/es\/sobre-mi\/#breadcrumb"},"inLanguage":"es","potentialAction":[{"@type":"ReadAction","target":["https:\/\/happycouples.at\/es\/sobre-mi\/"]}]},{"@type":"BreadcrumbList","@id":"https:\/\/happycouples.at\/es\/sobre-mi\/#breadcrumb","itemListElement":[{"@type":"ListItem","position":1,"name":"Startseite","item":"https:\/\/happycouples.at\/es\/"},{"@type":"ListItem","position":2,"name":"Sobre m\u00ed"}]},{"@type":"WebSite","@id":"https:\/\/happycouples.at\/es\/#website","url":"https:\/\/happycouples.at\/es\/","name":"Happy Couples","description":"Interkulturelle Beratung f\u00fcr Einzelpersonen, Paare und Familien","publisher":{"@id":"https:\/\/happycouples.at\/es\/#organization"},"potentialAction":[{"@type":"SearchAction","target":{"@type":"EntryPoint","urlTemplate":"https:\/\/happycouples.at\/es\/?s={search_term_string}"},"query-input":{"@type":"PropertyValueSpecification","valueRequired":true,"valueName":"search_term_string"}}],"inLanguage":"es"},{"@type":"Organization","@id":"https:\/\/happycouples.at\/es\/#organization","name":"Happy Couples","url":"https:\/\/happycouples.at\/es\/","logo":{"@type":"ImageObject","inLanguage":"es","@id":"https:\/\/happycouples.at\/es\/#\/schema\/logo\/image\/","url":"https:\/\/happycouples.at\/wp-content\/uploads\/2024\/09\/HappyCouples_Logo_color_RGB.svg","contentUrl":"https:\/\/happycouples.at\/wp-content\/uploads\/2024\/09\/HappyCouples_Logo_color_RGB.svg","width":1,"height":1,"caption":"Happy Couples"},"image":{"@id":"https:\/\/happycouples.at\/es\/#\/schema\/logo\/image\/"}}]}},"_links":{"self":[{"href":"https:\/\/happycouples.at\/es\/wp-json\/wp\/v2\/pages\/1278","targetHints":{"allow":["GET"]}}],"collection":[{"href":"https:\/\/happycouples.at\/es\/wp-json\/wp\/v2\/pages"}],"about":[{"href":"https:\/\/happycouples.at\/es\/wp-json\/wp\/v2\/types\/page"}],"author":[{"embeddable":true,"href":"https:\/\/happycouples.at\/es\/wp-json\/wp\/v2\/users\/2"}],"replies":[{"embeddable":true,"href":"https:\/\/happycouples.at\/es\/wp-json\/wp\/v2\/comments?post=1278"}],"version-history":[{"count":16,"href":"https:\/\/happycouples.at\/es\/wp-json\/wp\/v2\/pages\/1278\/revisions"}],"predecessor-version":[{"id":5376,"href":"https:\/\/happycouples.at\/es\/wp-json\/wp\/v2\/pages\/1278\/revisions\/5376"}],"wp:attachment":[{"href":"https:\/\/happycouples.at\/es\/wp-json\/wp\/v2\/media?parent=1278"}],"curies":[{"name":"wp","href":"https:\/\/api.w.org\/{rel}","templated":true}]}}